{"id":8989,"date":"2025-04-11T06:42:34","date_gmt":"2025-04-11T04:42:34","guid":{"rendered":"https:\/\/atlasfontium.pl\/editorial-board-and-scientific-council\/"},"modified":"2025-04-11T06:46:42","modified_gmt":"2025-04-11T04:46:42","slug":"editorial-aosam","status":"publish","type":"page","link":"https:\/\/atlasfontium.pl\/en\/editorial-aosam\/","title":{"rendered":"Editorial Board and Scientific Council"},"content":{"rendered":"\n<p class=\"author\"><\/p>\n\n\n\n<!--more-->\n\n\n\n<p><strong>Editors<\/strong>:<\/p>\n\n\n\n<p>Editor-in-Chief: Marek S\u0142o\u0144 \u2013 The Catholic University of Lublin<br>Deputy Editor-in-Chief: Bogumi\u0142 Szady \u2013 The Catholic University of Lublin\/Institute of History PAS<br>Secretary: Arkadiusz Borek \u2013 Institute of History PAS<\/p>\n\n\n\n<p><strong>Contact mail:<\/strong><\/p>\n\n\n\n<p><a href=\"&#x6d;&#x61;&#105;lt&#x6f;&#x3a;&#97;&#116;l&#x61;&#x73;&#102;&#111;n&#x74;&#x69;&#x75;&#109;&#64;i&#x68;&#x70;&#97;&#110;&#46;&#x65;&#x64;&#117;&#46;p&#x6c;\">a&#116;&#108;&#x61;&#x73;f&#111;&#110;&#x74;&#x69;&#x75;m&#64;&#105;&#x68;&#x70;an&#46;&#x65;&#x64;&#x75;&#46;&#112;&#108;<\/a><\/p>\n\n\n\n<p><strong>Scientific Council<\/strong>:<\/p>\n\n\n\n<p>Karl Grossner &#8211; University of Pittsburgh<br>Piotr Guzowski \u2013 University of Bialystok<br>Andrzej Janeczke \u2013 Institute of Archaeology and Ethnography PAS<br>Beata Konopskake \u2013 Maria Curie-Sk\u0142odowska University<br>Olga Kozubska \u2013 University of M\u00fcnster<br>Keith Lilley \u2013 Queen&#8217;s University Belfast<br>Bartosz Og\u00f3rek \u2013 Institute of History PAS<br>Krzysztof Ostafin \u2013 Jagiellonian University<br>Tomasz Panecki \u2013 Institute of History PAS<br>Beatrix F. Romh\u00e1nyi \u2013 K\u00e1roli G\u00e1sp\u00e1r University of the Reformed Church in Hungary<br>Humphrey Southall \u2013 University of Portsmouth<br>Daniel Stracke \u2013 University of M\u00fcnster<br>Georg Vogeler \u2013 Universit\u00e4t Graz<\/p>\n","protected":false},"excerpt":{"rendered":"","protected":false},"author":10,"featured_media":0,"parent":0,"menu_order":-4,"comment_status":"closed","ping_status":"closed","template":"","meta":{"_acf_changed":false,"footnotes":""},"categories":[],"tags":[],"class_list":["post-8989","page","type-page","status-publish","hentry"],"acf":[],"_links":{"self":[{"href":"https:\/\/atlasfontium.pl\/en\/wp-json\/wp\/v2\/pages\/8989","targetHints":{"allow":["GET"]}}],"collection":[{"href":"https:\/\/atlasfontium.pl\/en\/wp-json\/wp\/v2\/pages"}],"about":[{"href":"https:\/\/atlasfontium.pl\/en\/wp-json\/wp\/v2\/types\/page"}],"author":[{"embeddable":true,"href":"https:\/\/atlasfontium.pl\/en\/wp-json\/wp\/v2\/users\/10"}],"replies":[{"embeddable":true,"href":"https:\/\/atlasfontium.pl\/en\/wp-json\/wp\/v2\/comments?post=8989"}],"version-history":[{"count":2,"href":"https:\/\/atlasfontium.pl\/en\/wp-json\/wp\/v2\/pages\/8989\/revisions"}],"predecessor-version":[{"id":8992,"href":"https:\/\/atlasfontium.pl\/en\/wp-json\/wp\/v2\/pages\/8989\/revisions\/8992"}],"wp:attachment":[{"href":"https:\/\/atlasfontium.pl\/en\/wp-json\/wp\/v2\/media?parent=8989"}],"wp:term":[{"taxonomy":"category","embeddable":true,"href":"https:\/\/atlasfontium.pl\/en\/wp-json\/wp\/v2\/categories?post=8989"},{"taxonomy":"post_tag","embeddable":true,"href":"https:\/\/atlasfontium.pl\/en\/wp-json\/wp\/v2\/tags?post=8989"}],"curies":[{"name":"wp","href":"https:\/\/api.w.org\/{rel}","templated":true}]}}