{"id":8965,"date":"2021-12-13T20:02:00","date_gmt":"2021-12-13T19:02:00","guid":{"rendered":"https:\/\/atlasfontium.pl\/historical-atlas-of-polish-of-the-16th-century-a-complement-to-the-series\/"},"modified":"2021-12-13T20:02:00","modified_gmt":"2021-12-13T19:02:00","slug":"historical-atlas-of-polish-of-the-16th-century-a-complement-to-the-series","status":"publish","type":"page","link":"https:\/\/atlasfontium.pl\/en\/historical-atlas-of-polish-of-the-16th-century-a-complement-to-the-series\/","title":{"rendered":"Historical Atlas of Polish of the 16th Century \u2013 a complement to the series"},"content":{"rendered":"<p>NPRH No. 1aH 15 0373 83. Project leader: Marek S\u0142o\u0144, PhD, DSc, Associate Professor of IH PAN, implementation years: 2016-2021   <\/p>\n<p>The project has completed and supplemented the publishing series &#8220;Historical Atlas of Polish. Detailed maps of the sixteenth century&#8221;. The following tasks were completed: <\/p>\n<ol>\n<li>The summary of the project is, first of all, a collective edition of the entire series in Polish<sup><a href=\"#footnote_1_8965\" id=\"identifier_1_8965\" class=\"footnote-link footnote-identifier-link\" title=\"Polish Historical Atlas. Polish lands of the crown in the second half of the 16th century , edited by Marek S\u0142oni, Warsaw 2021 ( Historical Atlas of Polish. Detailed maps of the 16th century , Omnibus edition of the series), pp. 2014, 57 maps and plans, indexes.\">1<\/a><\/sup> and English. <sup><a href=\"#footnote_2_8965\" id=\"identifier_2_8965\" class=\"footnote-link footnote-identifier-link\" title=\"Historical Atlas of Poland. Polish Lands of the Crown in the Second Half of the Sixteenth Century , collective edition edited by Marek S\u0142o\u0144 and Katarzyna S\u0142omska-Przech [in print]\">2<\/a><\/sup> The collective edition <em>of the Atlas<\/em> is also  <a href=\"https:\/\/atlasfontium.pl\/en\/polish-lands-of-the-crown\/\"><em>The Polish lands of the Crown in the second half of the sixteenth century. Spatial database <\/em><\/a>  \u2013 a digital historical map and a repository of spatial data.<\/li>\n<li>The volumes of Podlasie (<em>Podlaskie Voivodeship in the second half of the sixteenth century<\/em>, edited by Micha\u0142 Gochna and Bogumi\u0142 Szady, Warsaw 2021 (Historical Atlas of Polish. Detailed maps of the sixteenth century, vol. 8), pp. 333, 8 maps and plans, indexes.)) and Kujawski (<em>Kuyavia and the Dobrzy\u0144 Land in the Second Half of the Sixteenth Century<\/em>, edited by Wies\u0142awa Du\u017cy, co-pr. Arkadiusz Borek, Micha\u0142 S\u0142omski, Warsaw 2021 (Historical Atlas of Polish. Detailed maps of the sixteenth century, vol. 6), pp. 274, 9 maps and plans, indexes.)) series, and a supplement was published to the volume of Pruski edited by M. Biskup (1961). <sup><a href=\"#footnote_3_8965\" id=\"identifier_3_8965\" class=\"footnote-link footnote-identifier-link\" title=\"Royal Prussia in the second half of the sixteenth century. Supplement , edited by Tomasz Panecki and Marek S\u0142oni, Warsaw 2021 ( Historical Atlas of Polish. Detailed maps of the 16th century , Supplement), pp. 169, 8 maps and plans, indexes.\">3<\/a><\/sup> These volumes are available in <a href=\"http:\/\/ksiegarnia-ihpan.edu.pl\/pl\/\">the bookstore of the Institute of History of the Polish Academy of Sciences<\/a> and in the future will be made available in the <a href=\"https:\/\/rcin.org.pl\/ihpan\/dlibra\/publication\/6733#structure\">Digital Repository of Scientific Institutes<\/a>.<\/li>\n<li>A source database from the registers of field collection from the second half of the 16th century has been developed.(The following volumes of section I of the Archives of the Crown Treasury have been indexed: 1, 2, 3bis, 4, 7-22, 24-28, 33, 37-49, 62, 63, 78, 79, 81, 83-86, 89, 90, 92-94, 96, 97, 102, 103, 106-108, 112, 114, 117, 119-121, 123-127; in total there are 72 archival units with a volume of about 77,000 manuscript pages.)) in <a href=\"https:\/\/data.ihpan.sfat.dev\/search\/?keywords__slug__in=rejestry-poborowe&amp;limit=50&amp;offset=0\">tabular<\/a> form. For the Podlaskie, Kujawskie and Puszskie voivodeships, it includes all full tax inventories, as it was previously done for Wielkopolska. From the remaining Polish territories of the Crown, at least one register was developed for each county.  <\/li>\n<li>The other lists were brought closer to users by identifying each place mentioned in them: linking this place in the manuscript to the database and on the map using the <a href=\"https:\/\/atlas.ihpan.edu.pl\/indxr\/ahp.php\">INDXR application<\/a>. Most of the registers published in an extensive form, as well as from other periods (15th century, first half of 16th century, 17th century) and from outside the Polish lands of the Crown were also compiled using the same tool; Here, the subject of identification was only the census itself, i.e. its type, territorial range and time of collection.  <\/li>\n<li>In addition, <a href=\"https:\/\/atlasfontium.pl\/materialy-do-slownika-kujaw\/\">materials for the historical and geographical dictionary of Kujawy and the Dobrzy\u0144 region<\/a> were made available. <sup><a href=\"#footnote_4_8965\" id=\"identifier_4_8965\" class=\"footnote-link footnote-identifier-link\" title=\"Materials for the Historical and Geographical Dictionary of Kuyavia and the Dobrzy\u0144 Land in the Middle Ages, edited by Z. Guldon, prepared for printing by J. Wijaczka, Tadeusz Manteuffel Institute of History of the Polish Academy of Sciences.\">4<\/a><\/sup><\/li>\n<li>The project also resulted in a series of monographs. Two of them, Tomasz Panecki (T. Panecki.    <em>The long life of old maps. Preparation of a digital edition of the Gaul\/Raczy\u0144ski map (1:125,000, 1807\u20131812) <\/em>, Warsaw 2021., see also: <a href=\"https:\/\/atlasfontium.pl\/en\/gaul-raczynski-map\/\">ihpan.sfat.dev<\/a>.)) and Tomasz Zwi\u0105zek <sup><a href=\"#footnote_5_8965\" id=\"identifier_5_8965\" class=\"footnote-link footnote-identifier-link\" title=\"T. Zwi\u0105zek , Landscapes of sixteenth-century Polish: forest &ndash; earth &ndash; bog ore &ndash; water, Warsaw 2021.\">5<\/a><\/sup>, are in print, and 4 more will be completed in 2022.  <\/li>\n<li>The results of the research were also published in journals and collective papers, and presented during scientific conferences. <a href=\"https:\/\/atlasfontium.pl\/wp-content\/uploads\/2021\/12\/Atlas-historyczny-Polski-XVI-wieku-dopelnienie-serii.-Bibliografia-projektu.pdf\">Download the project bibliography<\/a>.<\/li>\n<\/ol>\n<p><strong>Links:<\/strong><\/p>\n<ol>\n<li>The volumes of the &#8220;Historical Atlas of Polish. Detailed maps of the sixteenth century&#8221; in the <a href=\"https:\/\/rcin.org.pl\/ihpan\/dlibra\/publication\/6733#structure\">Digital Repository of Scientific Institutes<\/a> published up to and including 2021 and the collective edition of the series in Polish and English. <\/li>\n<li><a href=\"https:\/\/atlasfontium.pl\/en\/polish-lands-of-the-crown\/\"><em>The Polish lands of the Crown in the second half of the sixteenth century. Spatial database <\/em><\/a>  &#8211; a digital historical map and a spatial data repository developed on the basis of data from <em>the Atlas<\/em>.<\/li>\n<li>Digital edition of conscription registers from the 16th century<br \/>\na. <a href=\"https:\/\/data.ihpan.sfat.dev\/search\/?keywords__slug__in=rejestry-poborowe&amp;limit=50&amp;offset=0\">Table edition<\/a> <sup><a href=\"#footnote_6_8965\" id=\"identifier_6_8965\" class=\"footnote-link footnote-identifier-link\" title=\"Kujawskie voivodships and Podlaskie voivodship and Royal Prussia &ndash; all registers, other crown voivodships one each. The edition of the Wielkopolska registers is available separately for the Kalisz and Pozna\u0144 Voivodeships.\">6<\/a><\/sup><br \/>\nb. <a href=\"https:\/\/atlas.ihpan.edu.pl\/indxr\/ahp.php\">Ledger viewer <\/a>in the INDXr application <\/li>\n<li><a href=\"https:\/\/atlasfontium.pl\/materialy-do-slownika-kujaw\/\">Materials for the Historical and Geographical Dictionary of Kuyavia and the Dobrzy\u0144 Land in the Middle Ages<\/a> , prepared by Zenon Guldon and supplemented by Jacek Wijaczka.<\/li>\n<\/ol>\n<ol class=\"footnotes\"><li id=\"footnote_1_8965\" class=\"footnote\"><em>Polish Historical Atlas. Polish lands of the crown in the second half of the 16th century <\/em>, edited by Marek S\u0142oni, Warsaw 2021 ( <em>Historical Atlas of Polish. Detailed maps of the 16th century <\/em>, Omnibus edition of the series), pp. 2014, 57 maps and plans, indexes.<span class=\"footnote-back-link-wrapper\">[<a href=\"#identifier_1_8965\" class=\"footnote-link footnote-back-link\">&#8617;<\/a>]<\/span><\/li><li id=\"footnote_2_8965\" class=\"footnote\"><em>Historical Atlas of Poland. Polish Lands of the Crown in the Second Half of the Sixteenth Century <\/em>, collective edition edited by Marek S\u0142o\u0144 and Katarzyna S\u0142omska-Przech [in print]<span class=\"footnote-back-link-wrapper\">[<a href=\"#identifier_2_8965\" class=\"footnote-link footnote-back-link\">&#8617;<\/a>]<\/span><\/li><li id=\"footnote_3_8965\" class=\"footnote\"><em>Royal Prussia in the second half of the sixteenth century. Supplement <\/em>, edited by Tomasz Panecki and Marek S\u0142oni, Warsaw 2021 ( <em>Historical Atlas of Polish. Detailed maps of the 16th century <\/em>, Supplement), pp. 169, 8 maps and plans, indexes.<span class=\"footnote-back-link-wrapper\">[<a href=\"#identifier_3_8965\" class=\"footnote-link footnote-back-link\">&#8617;<\/a>]<\/span><\/li><li id=\"footnote_4_8965\" class=\"footnote\"> Materials for the Historical and Geographical Dictionary of Kuyavia and the Dobrzy\u0144 Land in the Middle Ages, edited by Z. Guldon, prepared for printing by J. Wijaczka, Tadeusz Manteuffel Institute of History of the Polish Academy of Sciences.<span class=\"footnote-back-link-wrapper\">[<a href=\"#identifier_4_8965\" class=\"footnote-link footnote-back-link\">&#8617;<\/a>]<\/span><\/li><li id=\"footnote_5_8965\" class=\"footnote\">T. Zwi\u0105zek , <em>Landscapes of sixteenth-century Polish: forest &#8211; earth &#8211; bog ore &#8211; water<\/em>, Warsaw 2021.<span class=\"footnote-back-link-wrapper\">[<a href=\"#identifier_5_8965\" class=\"footnote-link footnote-back-link\">&#8617;<\/a>]<\/span><\/li><li id=\"footnote_6_8965\" class=\"footnote\"> Kujawskie voivodships and Podlaskie voivodship and Royal Prussia &#8211; all registers, other crown voivodships one each. The edition of the Wielkopolska registers is available separately for <a href=\"https:\/\/atlasfontium.pl\/en\/tax-registers-of-the-kalisz-voivodeship\/\">the Kalisz<\/a> and <a href=\"https:\/\/atlasfontium.pl\/en\/tax-registers-of-the-poznan-voivodeship\/\">Pozna\u0144<\/a> Voivodeships.<span class=\"footnote-back-link-wrapper\">[<a href=\"#identifier_6_8965\" class=\"footnote-link footnote-back-link\">&#8617;<\/a>]<\/span><\/li><\/ol>","protected":false},"excerpt":{"rendered":"<p>NPRH No. 1aH 15 0373 83. Project leader: Marek S\u0142o\u0144, PhD, DSc, Associate Professor of IH PAN, implementation years: 2016-2021 The project has completed and supplemented the publishing series &#8220;Historical Atlas of Polish. Detailed maps of the sixteenth century&#8221;. The following tasks were completed: The summary of the project is, first of all, a collective [&hellip;]<\/p>\n","protected":false},"author":7,"featured_media":0,"parent":0,"menu_order":8,"comment_status":"closed","ping_status":"closed","template":"","meta":{"_acf_changed":false,"footnotes":""},"categories":[1],"tags":[],"class_list":["post-8965","page","type-page","status-publish","hentry","category-bez-kategorii","admin-tag-baza_korona","admin-tag-zakonczone"],"acf":[],"_links":{"self":[{"href":"https:\/\/atlasfontium.pl\/en\/wp-json\/wp\/v2\/pages\/8965","targetHints":{"allow":["GET"]}}],"collection":[{"href":"https:\/\/atlasfontium.pl\/en\/wp-json\/wp\/v2\/pages"}],"about":[{"href":"https:\/\/atlasfontium.pl\/en\/wp-json\/wp\/v2\/types\/page"}],"author":[{"embeddable":true,"href":"https:\/\/atlasfontium.pl\/en\/wp-json\/wp\/v2\/users\/7"}],"replies":[{"embeddable":true,"href":"https:\/\/atlasfontium.pl\/en\/wp-json\/wp\/v2\/comments?post=8965"}],"version-history":[{"count":0,"href":"https:\/\/atlasfontium.pl\/en\/wp-json\/wp\/v2\/pages\/8965\/revisions"}],"wp:attachment":[{"href":"https:\/\/atlasfontium.pl\/en\/wp-json\/wp\/v2\/media?parent=8965"}],"wp:term":[{"taxonomy":"category","embeddable":true,"href":"https:\/\/atlasfontium.pl\/en\/wp-json\/wp\/v2\/categories?post=8965"},{"taxonomy":"post_tag","embeddable":true,"href":"https:\/\/atlasfontium.pl\/en\/wp-json\/wp\/v2\/tags?post=8965"}],"curies":[{"name":"wp","href":"https:\/\/api.w.org\/{rel}","templated":true}]}}