{"id":872,"date":"2018-05-22T23:52:24","date_gmt":"2018-05-22T21:52:24","guid":{"rendered":"https:\/\/test-79-1.ihpan.edu.pl\/?page_id=872"},"modified":"2025-01-30T11:59:16","modified_gmt":"2025-01-30T10:59:16","slug":"protestant-communities-in-the-polish-lithuanian-commonwealth","status":"publish","type":"page","link":"https:\/\/atlasfontium.pl\/en\/protestant-communities-in-the-polish-lithuanian-commonwealth\/","title":{"rendered":"Register of Protestant communities in the Polish-Lithuanian Commonwealth in the 16th-18th centuries"},"content":{"rendered":"\n<h5 class=\"wp-block-heading\">ed. Maciej Ptaszy\u0144ski, Early Polish Culture Research Team, Institute of History, University of Warsaw<\/h5>\n\n\n\n<h5 class=\"wp-block-heading\">Work in progress. Last update: 31.12.2014<\/h5>\n\n\n\n<!--more-->\n\n\n\n<p>The register of Protestant communities active in the Polish-Lithuanian Commonwealth in the 16th-18th centuries was compiled by the Early Polish Culture Research Team at the Institute of History, University of Warsaw, in 2002-2006, headed by Prof. Urszula Augustyniak. The originator and coordinator of the project was Dr Marek Janicki (records marked MJ). The information concerning the various regions of the Commonwealth was collected by the former and current members of the Team:<\/p>\n\n\n\n<ul class=\"wp-block-list\">\n<li>Ma\u0142opolska: Agnieszka Ku\u015b (AK), Dr Rafa\u0142 Jaworski (RJ) and Dr Marek Janicki (lata 2002-2003); the records were reviewed, supplemented and corrected by Anna Wilanek-Ki\u0144ska (2005-2006);<\/li>\n\n\n\n<li>Wielkopolska (from the beginning): Krzysztof Kubik (KK) and Maciej Pr\u00f3ba (MP) (2004-2006);<\/li>\n\n\n\n<li>Lithuania (from the beginning): Anna Szaco\u0144 (ASZ) (2004-2006)<\/li>\n<\/ul>\n\n\n\n<p>The original project has been modernised by Maciej Ptaszy\u0144ski, who has been the coordinator and originator of the second stage of research since 2005, and Dominik Purcha\u0142a.<br>The compilation constitutes an introduction to further research and a database, currently under construction, which will cover not only Protestant organisations but also Protestant clergy. However, the authors hope that already at this stage it can be useful to people studying the subject and that, by making the collected material available on the Internet, it will be possible to remove unavoidable mistakes and inaccuracies.<br>The compilation is based on:<\/p>\n\n\n\n<ul class=\"wp-block-list\">\n<li>Henryk Merczyng, <em>Zbory i senatorowie protestanccy w dawnej Rzeczypospolitej. Z map\u0105 Dawnej Polski pod wzgl\u0119dem ko\u015bcielnym ewangelickim<\/em>, Warszawa 1905 (M)<\/li>\n\n\n\n<li>Continuatio Historiae Ecclesiasticae Slavoniae Reformata ab Anno MDCL ad Annom MDCXCVI, editae ab Andrea Wengerscio, continenstis res memorabiles ad annum Christi dictum, praeseritim in Magno Ducatu Lithuaniae, que Historia a Wengerscio anno MDCL finita, typis impressa est Amstelodami apud Janssonio-Waesbergios anno MDCLXXIX, ast continuatio haec complecitur historiam ecclesiae reformatae lithuanicae solum uti dictum, [in:] H. Barycz, <em>Obraz historyczny kalwinizmu na Litwie 1650-1696<\/em>, Reformacja w Polsce, IV, 1926, 13-16, pp. 213-214 (CHESR)<\/li>\n\n\n\n<li>Rejestr zbor\u00f3w, szk\u00f3\u0142 i ksi\u0119\u017cy in Magno Ducatu Lithuaniae anno 1748, [in:] S. Tworek, <em>Z zagadnie\u0144 liczebno\u015bci zbor\u00f3w kalwi\u0144skich na Litwie,<\/em> Odrodzenie i Reformacja w Polsce, XVII, 1972, pp. 213-214 (ST.Rej)<\/li>\n\n\n\n<li>J\u00f3zef \u0141ukaszewicz, <em>Dzieje ko\u015bcio\u0142\u00f3w wyznania helweckiego w Litwie<\/em>, vol. 1, Pozna\u0144 1842 (J\u0141 vol.1)<\/li>\n\n\n\n<li>J\u00f3zef \u0141ukaszewicz, <em>Dzieje ko\u015bcio\u0142\u00f3w wyznania helweckiego w Litwie<\/em>, vol. 2, Pozna\u0144 1843 (J\u0141)<\/li>\n\n\n\n<li>J\u00f3zef \u0141ukaszewicz, <em>O ko\u015bcio\u0142ach Braci Czeskich w dawnej Wielkiejpolsce<\/em>, Pozna\u0144 1835 (\u0141)<\/li>\n\n\n\n<li>Eduard Kneifel, <em>Die Pastoren der Evangelisch-Augsburgischen Kirche in Polen<\/em>, Neuendettelsau, no date given (K)<\/li>\n\n\n\n<li>Jolanta Dworzaczkowa, <em>Bracia czescy w Wielkopolsce w XVI i XVII wieku<\/em>, Warszawa 1997 (D)<\/li>\n\n\n\n<li>Wojciech Kriegseisen, <em>Ewangelicy polscy i litewscy w epoce saskiej (1696-1763) Sytuacja prawna, organizacja i stosunki mi\u0119dzywyznaniowe<\/em>, Warszawa 1996 (WK)<\/li>\n\n\n\n<li><em>Protoko\u0142y obrad synod\u00f3w prowincjonalnych wile\u0144skich z lat 1611-1686<\/em>, AGAD, Archiwum Radziwi\u0142\u0142\u00f3w, p. VIII, no. 713 (AR VIII 713)<\/li>\n<\/ul>\n\n\n\n<p>Please send your remarks and additional information, giving its source, to: <a href=\"m&#46;ptaszy&#110;&#115;&#107;&#105;&#64;&#117;&#119;&#46;&#101;&#100;&#x75;&#x2e;&#x70;&#x6c;\" title=\"\"><a href=\"&#109;a&#x69;l&#x74;&#111;&#x3a;&#109;&#x2e;&#112;t&#x61;s&#x7a;&#121;&#x6e;&#115;&#x6b;&#105;&#x40;&#117;w&#x2e;e&#x64;&#117;&#x2e;&#112;&#x6c;\">&#x6d;&#x2e;&#x70;&#x74;&#97;&#115;&#122;&#121;nsk&#x69;&#x40;&#x75;&#x77;&#x2e;&#101;&#100;&#117;&#46;pl<\/a><\/a><br><a href=\"http:\/\/www.ihuw.pl\/sites\/ihuw.pl\/files\/pictures\/projects\/zboryrp2.zip\">Register of Protestant communities in the Polish-Lithuanian Commonwealth in the 16th-18th centuries<\/a> (MS Access database &#8211; .mdb file)<\/p>\n\n\n\n<p class=\"has-text-align-right\">Maciej Ptaszy\u0144ski<\/p>\n\n\n\n<hr class=\"wp-block-separator has-css-opacity\"\/>\n\n\n\n<div class=\"wp-block-group\"><div class=\"wp-block-group__inner-container is-layout-flow wp-block-group-is-layout-flow\">\n<a rel=\"license\" href=\"http:\/\/creativecommons.org\/licenses\/by-nd\/4.0\/\"><img decoding=\"async\" alt=\"Licencja Creative Commons\" style=\"border-width:0\" src=\"https:\/\/i.creativecommons.org\/l\/by-nd\/4.0\/88x31.png\"><\/a><br><span xmlns:dct=\"http:\/\/purl.org\/dc\/terms\/\" property=\"dct:title\">\u201cRegister of Protestant communities in the Polish-Lithuanian Commonwealth in the 16th-18th centuries\u201d, authors, Group for the History of Old Polish Culture of The Faculty of History of University of Warsaw and Institute for the Historical Geography of the Church in Poland is licenced under a <a rel=\"license\" href=\"http:\/\/creativecommons.org\/licenses\/by-nd\/4.0\/\">Creative Commons Attribution-NoDerivatives 4.0 International License.<\/a>.\n<\/div><\/div>\n","protected":false},"excerpt":{"rendered":"<p>ed. Maciej Ptaszy\u0144ski, Early Polish Culture Research Team, Institute of History, University of Warsaw Work in progress. Last update: 31.12.2014<\/p>\n","protected":false},"author":7,"featured_media":448,"parent":0,"menu_order":176,"comment_status":"closed","ping_status":"closed","template":"","meta":{"_acf_changed":false,"footnotes":""},"categories":[304],"tags":[1056,1074,1076,1052,1054,608],"class_list":["post-872","page","type-page","status-publish","has-post-thumbnail","hentry","category-materials","tag-18th-c","tag-polish-lithuanian-commonwealth","tag-religion","tag-16th-c","tag-17th-c","tag-materials","admin-tag-strona-glowna-en"],"acf":[],"_links":{"self":[{"href":"https:\/\/atlasfontium.pl\/en\/wp-json\/wp\/v2\/pages\/872","targetHints":{"allow":["GET"]}}],"collection":[{"href":"https:\/\/atlasfontium.pl\/en\/wp-json\/wp\/v2\/pages"}],"about":[{"href":"https:\/\/atlasfontium.pl\/en\/wp-json\/wp\/v2\/types\/page"}],"author":[{"embeddable":true,"href":"https:\/\/atlasfontium.pl\/en\/wp-json\/wp\/v2\/users\/7"}],"replies":[{"embeddable":true,"href":"https:\/\/atlasfontium.pl\/en\/wp-json\/wp\/v2\/comments?post=872"}],"version-history":[{"count":4,"href":"https:\/\/atlasfontium.pl\/en\/wp-json\/wp\/v2\/pages\/872\/revisions"}],"predecessor-version":[{"id":8003,"href":"https:\/\/atlasfontium.pl\/en\/wp-json\/wp\/v2\/pages\/872\/revisions\/8003"}],"wp:featuredmedia":[{"embeddable":true,"href":"https:\/\/atlasfontium.pl\/en\/wp-json\/wp\/v2\/media\/448"}],"wp:attachment":[{"href":"https:\/\/atlasfontium.pl\/en\/wp-json\/wp\/v2\/media?parent=872"}],"wp:term":[{"taxonomy":"category","embeddable":true,"href":"https:\/\/atlasfontium.pl\/en\/wp-json\/wp\/v2\/categories?post=872"},{"taxonomy":"post_tag","embeddable":true,"href":"https:\/\/atlasfontium.pl\/en\/wp-json\/wp\/v2\/tags?post=872"}],"curies":[{"name":"wp","href":"https:\/\/api.w.org\/{rel}","templated":true}]}}