{"id":860,"date":"2020-03-17T18:44:44","date_gmt":"2020-03-17T17:44:44","guid":{"rendered":"https:\/\/test-79-1.ihpan.edu.pl\/?page_id=860"},"modified":"2025-01-30T12:21:14","modified_gmt":"2025-01-30T11:21:14","slug":"religions-and-confessions-in-the-crown","status":"publish","type":"page","link":"https:\/\/atlasfontium.pl\/en\/religions-and-confessions-in-the-crown\/","title":{"rendered":"Religions and Confessions in the Polish Crown in the 2nd half of the 18th Century"},"content":{"rendered":"\n<h5 class=\"wp-block-heading\">Atlas \u0179r\u00f3de\u0142 i Materia\u0142\u00f3w do Dziej\u00f3w Dawnej Polski, 2016, no. 1<br>Bogumi\u0142 Szady, Historical Geoinformation Laboratory,<br>John Paul II Catholic University of Lublin<\/h5>\n\n\n\n<!--more-->\n\n\n\n<p>The map shows sacral objects, as well as units of territorial organization, of all religions, faiths and denominations in the Crown in the 2nd half of the 18th century that formed organizational structures and were in any way reflected in the sources. These include churches of three catholic rites (Latin, Greek, and Armenian), Eastern orthodox churches, Lutheran churches (Evangelical Church of the Augsburg Confession), Mennonite churches, Calvinist (Evangelical Reformed Church) churches, and churches of the Bohemian Brethren (the Brethren, despite strong tendencies towards unification with the Calvinists, were treated as a separate denomination). The most numerous non-Christian religious objects were Jewish temples. There were few Muslim mosques and karaite kenesas in the Crown.<\/p>\n\n\n\n<p>The map is based mostly on sources and studies that provide regular data about structures and location of sacral buildings of various faiths and religions. In total, it contains 15 253 sacral objects, including 8311 Eastern Catholic (Uniate) churches, 5720 Latin churches, 841 synagogues and houses of prayer, 276 Lutheran temples, 36 Eastern Orthodox churches, 22 Catholic churches of Armenian rite, 19 Mennonite temples, 14 Calvinist churches, 10 churches of the Bohemian Brethren, 3 karaite kenesas and 2 mosques.<\/p>\n\n\n\n<p>Visitors to the site may also download B. Szady\u2019s book <em>Geografia struktur religijnych i wyznaniowych w Koronie w II po\u0142owie XVIII w.<\/em>, Lublin 2010.<\/p>\n\n\n\n<hr class=\"wp-block-separator has-css-opacity\"\/>\n\n\n\n<div class=\"wp-block-group\"><div class=\"wp-block-group__inner-container is-layout-flow wp-block-group-is-layout-flow\">\n<figure class=\"wp-block-image\"><a href=\"http:\/\/creativecommons.org\/licenses\/by-nd\/4.0\/\"><img decoding=\"async\" src=\"https:\/\/i.creativecommons.org\/l\/by-nd\/4.0\/88x31.png\" alt=\"Licencja Creative Commons\"\/><\/a><figcaption>Text of the publication \u201cReligions and Confessions in the Polish Crown in the 2nd half of the 18th Century\u201d, authors and Institute for the Historical Geography of the Church in Poland is licenced under a <a href=\"http:\/\/creativecommons.org\/licenses\/by-nd\/4.0\/\">Creative Commons Attribution-NoDerivatives 4.0 International License.<\/a><\/figcaption><\/figure>\n<\/div><\/div>\n\n\n\n<div class=\"wp-block-group\"><div class=\"wp-block-group__inner-container is-layout-flow wp-block-group-is-layout-flow\">\n<figure class=\"wp-block-image\"><a href=\"http:\/\/creativecommons.org\/licenses\/by-nd\/4.0\/\"><img decoding=\"async\" src=\"https:\/\/i.creativecommons.org\/l\/by\/4.0\/88x31.png\" alt=\"Licencja Creative Commons\"\/><\/a><figcaption>Data of the publication \u201cReligions and Confessions in the Polish Crown in the 2nd half of the 18th Century\u201d, authors and Institute for the Historical Geography of the Church in Poland is licenced under a <a href=\"http:\/\/creativecommons.org\/licenses\/by\/4.0\/\">Creative Commons Attribution 4.0 International License.<\/a><\/figcaption><\/figure>\n<\/div><\/div>\n","protected":false},"excerpt":{"rendered":"<p>Atlas \u0179r\u00f3de\u0142 i Materia\u0142\u00f3w do Dziej\u00f3w Dawnej Polski, 2016, no. 1Bogumi\u0142 Szady, Historical Geoinformation Laboratory,John Paul II Catholic University of Lublin<\/p>\n","protected":false},"author":7,"featured_media":444,"parent":0,"menu_order":136,"comment_status":"closed","ping_status":"closed","template":"","meta":{"_acf_changed":false,"footnotes":""},"categories":[281],"tags":[1056,1070,1044,1076],"class_list":["post-860","page","type-page","status-publish","has-post-thumbnail","hentry","category-atlas-of-sources-and-materials","tag-18th-c","tag-crown-of-the-kingdom-of-poland","tag-atlas-of-sources-and-materials","tag-religion","admin-tag-strona-glowna-en"],"acf":[],"_links":{"self":[{"href":"https:\/\/atlasfontium.pl\/en\/wp-json\/wp\/v2\/pages\/860","targetHints":{"allow":["GET"]}}],"collection":[{"href":"https:\/\/atlasfontium.pl\/en\/wp-json\/wp\/v2\/pages"}],"about":[{"href":"https:\/\/atlasfontium.pl\/en\/wp-json\/wp\/v2\/types\/page"}],"author":[{"embeddable":true,"href":"https:\/\/atlasfontium.pl\/en\/wp-json\/wp\/v2\/users\/7"}],"replies":[{"embeddable":true,"href":"https:\/\/atlasfontium.pl\/en\/wp-json\/wp\/v2\/comments?post=860"}],"version-history":[{"count":4,"href":"https:\/\/atlasfontium.pl\/en\/wp-json\/wp\/v2\/pages\/860\/revisions"}],"predecessor-version":[{"id":8005,"href":"https:\/\/atlasfontium.pl\/en\/wp-json\/wp\/v2\/pages\/860\/revisions\/8005"}],"wp:featuredmedia":[{"embeddable":true,"href":"https:\/\/atlasfontium.pl\/en\/wp-json\/wp\/v2\/media\/444"}],"wp:attachment":[{"href":"https:\/\/atlasfontium.pl\/en\/wp-json\/wp\/v2\/media?parent=860"}],"wp:term":[{"taxonomy":"category","embeddable":true,"href":"https:\/\/atlasfontium.pl\/en\/wp-json\/wp\/v2\/categories?post=860"},{"taxonomy":"post_tag","embeddable":true,"href":"https:\/\/atlasfontium.pl\/en\/wp-json\/wp\/v2\/tags?post=860"}],"curies":[{"name":"wp","href":"https:\/\/api.w.org\/{rel}","templated":true}]}}