{"id":6518,"date":"2023-05-05T17:35:12","date_gmt":"2023-05-05T15:35:12","guid":{"rendered":"https:\/\/test-79-1.ihpan.edu.pl\/?page_id=6518"},"modified":"2025-01-30T13:24:18","modified_gmt":"2025-01-30T12:24:18","slug":"settlements-of-the-sanok-land","status":"publish","type":"page","link":"https:\/\/atlasfontium.pl\/en\/settlements-of-the-sanok-land\/","title":{"rendered":"The settlement network of the Sanok land in the years 1340\u20131650"},"content":{"rendered":"\n<p class=\"author\">Institute of History of the Polish Academy of Sciences<\/p>\n\n\n\n<!--more-->\n\n\n\n<p>The presented material is based on the publication by Adam Fastnacht (1913-1987), entitled. &#8220;Osadnictwo ziemi sanockiej w latach 1340-1650&#8221; [en: \u201cthe settlement network of the Sanok land in the years 1340\u20131650\u201d] published twice: for the first time in 1962, and for the second time, as a reprint, in 2007<sup><a href=\"#footnote_1_6518\" id=\"identifier_1_6518\" class=\"footnote-link footnote-identifier-link\" title=\"Adam Fastnacht, Osadnictwo ziemi sanockiej w latach 1340&ndash;1650, Wroc\u0142aw 1962; Adam Fastnacht, Osadnictwo ziemi sanockiej w latach 1340&ndash;1650, Sanok 2007. The 2007 edition was used for elaborating this material.&nbsp;\">1<\/a><\/sup>. A. Fastnacht devoted most of his scientific life to the history of the Sanok land: he did most of the work on the book in question before the Second World War. He was also the author of the three-volume &#8216;Historical-Geographical Dictionary of the Sanok Land in the Middle Ages&#8217; published in 1991-2002<sup><a href=\"#footnote_2_6518\" id=\"identifier_2_6518\" class=\"footnote-link footnote-identifier-link\" title=\"Adam Fastnacht, S\u0142ownik historyczno-geograficzny ziemi sanockiej w \u015bredniowieczu, do druku przygotowali Anna Fastnacht-Stupnicka, Antoni G\u0105siorowski, cz. 1, Muzeum Regionalne PTTK w Brzozowie, Brzoz&oacute;w 1991; cz. 2, Stowarzyszenie Ma\u0142opolski Uniwersytet we Wzdowie, Instytut Europejskich Studi&oacute;w Spo\u0142ecznych w Rzeszowie, Muzeum Regionalne im. Adama Fastnachta w Brzozowie, Brzoz&oacute;w-Wzd&oacute;w-Rzesz&oacute;w 1998; cz. 3, Societas Vistulana, Krak&oacute;w 2002. por.: http:\/\/www.slownik.ihpan.edu.pl\/\">2<\/a><\/sup>.<br>A spatial database was developed on the basis of the map attached to the book. It consists of three layers: settlement network in point geometry roads (lines) and boundaries marked as areas (polygons). The structure of the database was based on the map legend. With regard to the settlements, it contains such information as the type and chronology of the settlement&#8217;s origin and the location law. Objects on the map were entered into the database in a vector model after its prior georeferencing. There are 482 settlements both on the map and in the database. Each of them is described by four attributes: name, type, period of establishment (chronology) and type of location law. Thus, the map includes 18 towns, 461 villages and 3 castles (for the latter, there is no information on the date of establishment and, obviously, on the location law). As far as the completeness of attributes is concerned, one settlement does not have a name<sup><a href=\"#footnote_3_6518\" id=\"identifier_3_6518\" class=\"footnote-link footnote-identifier-link\" title=\"This is most likely a mistake. The point is placed near the Przys\u0142up Pass, through which today the road connecting Sanok and Kuzmin passes. Neither on the contemporary map nor on old maps (WIG, Mieg) is there any settlement in this place.\">3<\/a><\/sup> and for 167 no information on the foundation period is given. The boundaries were drawn directly from the map, but their course on the western and northern fragments connecting with the boundaries of the Polish lands of the Crown were reconciled with those compiled as part of the &#8216;<a href=\"https:\/\/atlasfontium.pl\/language\/en\/polish-lands-of-the-crown\/\">Historical Atlas of Poland. Detailed maps of the 16th century<\/a>&#8220;. The map depicts the boundaries of the Sanok land in two time periods: c. 1400 and c. 1600, and these are the two layers we provide. The database also includes roads, which are marked as &#8220;more important roads&#8221; in the legend to the map. The database is in Polish.<\/p>\n\n\n\n<p class=\"has-text-align-right\">Tomasz Panecki<\/p>\n<ol class=\"footnotes\"><li id=\"footnote_1_6518\" class=\"footnote\">Adam Fastnacht, <em>Osadnictwo ziemi sanockiej w latach 1340\u20131650, <\/em>Wroc\u0142aw 1962; Adam Fastnacht, <em>Osadnictwo ziemi sanockiej w latach 1340\u20131650<\/em>, Sanok 2007. The 2007 edition was used for elaborating this material.\u00a0<span class=\"footnote-back-link-wrapper\">[<a href=\"#identifier_1_6518\" class=\"footnote-link footnote-back-link\">&#8617;<\/a>]<\/span><\/li><li id=\"footnote_2_6518\" class=\"footnote\">Adam Fastnacht, <em>S\u0142ownik historyczno-geograficzny ziemi sanockiej w \u015bredniowieczu<\/em>, do druku przygotowali Anna Fastnacht-Stupnicka, Antoni G\u0105siorowski, cz. 1, Muzeum Regionalne PTTK w Brzozowie, Brzoz\u00f3w 1991; cz. 2, Stowarzyszenie Ma\u0142opolski Uniwersytet we Wzdowie, Instytut Europejskich Studi\u00f3w Spo\u0142ecznych w Rzeszowie, Muzeum Regionalne im. Adama Fastnachta w Brzozowie, Brzoz\u00f3w-Wzd\u00f3w-Rzesz\u00f3w 1998; cz. 3, Societas Vistulana, Krak\u00f3w 2002. por.: <a href=\"http:\/\/www.slownik.ihpan.edu.pl\/\">http:\/\/www.slownik.ihpan.edu.pl\/<\/a><span class=\"footnote-back-link-wrapper\">[<a href=\"#identifier_2_6518\" class=\"footnote-link footnote-back-link\">&#8617;<\/a>]<\/span><\/li><li id=\"footnote_3_6518\" class=\"footnote\">This is most likely a mistake. The point is placed near the Przys\u0142up Pass, through which today the road connecting Sanok and Kuzmin passes. Neither on the contemporary map nor on old maps (WIG, Mieg) is there any settlement in this place.<span class=\"footnote-back-link-wrapper\">[<a href=\"#identifier_3_6518\" class=\"footnote-link footnote-back-link\">&#8617;<\/a>]<\/span><\/li><\/ol>","protected":false},"excerpt":{"rendered":"<p>Institute of History of the Polish Academy of Sciences<\/p>\n","protected":false},"author":7,"featured_media":6517,"parent":0,"menu_order":32,"comment_status":"closed","ping_status":"closed","template":"","meta":{"_acf_changed":false,"footnotes":""},"categories":[304],"tags":[1072,1108,1050,1052,1054,608,612],"class_list":["post-6518","page","type-page","status-publish","has-post-thumbnail","hentry","category-materials","tag-settlements","tag-14th-c","tag-15th-c","tag-16th-c","tag-17th-c","tag-materials","tag-sanok-land","admin-tag-materials","admin-tag-sanok-land","admin-tag-strona-glowna-en"],"acf":[],"_links":{"self":[{"href":"https:\/\/atlasfontium.pl\/en\/wp-json\/wp\/v2\/pages\/6518","targetHints":{"allow":["GET"]}}],"collection":[{"href":"https:\/\/atlasfontium.pl\/en\/wp-json\/wp\/v2\/pages"}],"about":[{"href":"https:\/\/atlasfontium.pl\/en\/wp-json\/wp\/v2\/types\/page"}],"author":[{"embeddable":true,"href":"https:\/\/atlasfontium.pl\/en\/wp-json\/wp\/v2\/users\/7"}],"replies":[{"embeddable":true,"href":"https:\/\/atlasfontium.pl\/en\/wp-json\/wp\/v2\/comments?post=6518"}],"version-history":[{"count":6,"href":"https:\/\/atlasfontium.pl\/en\/wp-json\/wp\/v2\/pages\/6518\/revisions"}],"predecessor-version":[{"id":8000,"href":"https:\/\/atlasfontium.pl\/en\/wp-json\/wp\/v2\/pages\/6518\/revisions\/8000"}],"wp:featuredmedia":[{"embeddable":true,"href":"https:\/\/atlasfontium.pl\/en\/wp-json\/wp\/v2\/media\/6517"}],"wp:attachment":[{"href":"https:\/\/atlasfontium.pl\/en\/wp-json\/wp\/v2\/media?parent=6518"}],"wp:term":[{"taxonomy":"category","embeddable":true,"href":"https:\/\/atlasfontium.pl\/en\/wp-json\/wp\/v2\/categories?post=6518"},{"taxonomy":"post_tag","embeddable":true,"href":"https:\/\/atlasfontium.pl\/en\/wp-json\/wp\/v2\/tags?post=6518"}],"curies":[{"name":"wp","href":"https:\/\/api.w.org\/{rel}","templated":true}]}}