{"id":3432,"date":"2020-12-15T20:18:57","date_gmt":"2020-12-15T19:18:57","guid":{"rendered":"https:\/\/atlasfontium.atlas.ihpan.edu.pl\/?page_id=3432"},"modified":"2025-01-23T14:15:39","modified_gmt":"2025-01-23T13:15:39","slug":"ogc-services-gaul","status":"publish","type":"page","link":"https:\/\/atlasfontium.pl\/en\/gaul-raczynski-map\/ogc-services-gaul\/","title":{"rendered":"OGC Services"},"content":{"rendered":"\n<h2 class=\"title_sub wp-block-heading\">Digital editions of historical maps: perspectives and constraints on the example of Gaul\/Raczy\u0144ski map (1807-1812)<\/h2>\n\n\n\n<h5 class=\"wp-block-heading\">Tomasz Panecki (ed.), authors: Tomasz Panecki, Piotr Kann<\/h5>\n\n\n\n<!--more-->\n\n\n<div class=\"tresc\" align=\"center\">\n<p><a href=\"\nhttp:\/\/atlas.ihpan.edu.pl\/geoserver\/gaul\/wms?service=WMS&amp;request=GetCapabilities\">http:\/\/atlas.ihpan.edu.pl\/geoserver\/gaul\/wms<\/a><\/p>\n<p>List of available layers (2180 coordinate system):<\/p>\n<table>\n<tbody>\n<tr>\n<td style=\"padding:1em;\" align=\"center\">Forests<\/td>\n<td style=\"padding:1em;\" align=\"center\">Hydro_line<\/td>\n<td style=\"padding:1em;\" align=\"center\">Hydro_polygon<\/td>\n<\/tr>\n<tr>\n<td style=\"padding:1em;\" align=\"center\">Industrial<\/td>\n<td style=\"padding:1em;\" align=\"center\">Natural_landscape<\/td>\n<td style=\"padding:1em;\" align=\"center\">Roads<\/td>\n<\/tr>\n<tr>\n<td style=\"padding:1em;\" align=\"center\">Settlements<\/td>\n<td style=\"padding:1em;\" align=\"center\">Swamps<\/td>\n<td style=\"padding:1em;\" align=\"center\">Sheets<\/td>\n<\/tr>\n<tr>\n<td style=\"padding:1em;\" align=\"center\">mosaicked_color_v2<\/td>\n<td style=\"padding:1em;\" align=\"center\">mosaicked_v3<\/td>\n<td style=\"padding:1em;\" align=\"center\">Districts<\/td>\n<\/tr>\n<\/tbody>\n<\/table>\n<\/div>\n\n\n<hr class=\"wp-block-separator has-css-opacity\"\/>\n\n\n\n<div class=\"wp-block-group\"><div class=\"wp-block-group__inner-container is-layout-flow wp-block-group-is-layout-flow\">\n<a rel=\"license\" href=\"http:\/\/creativecommons.org\/licenses\/by-nd\/4.0\/\"><img decoding=\"async\" alt=\"Licencja Creative Commons\" style=\"border-width:0\" src=\"https:\/\/i.creativecommons.org\/l\/by-nd\/4.0\/88x31.png\"><\/a><br><span xmlns:dct=\"http:\/\/purl.org\/dc\/terms\/\" property=\"dct:title\">Cyfrowe edycje map dawnych: perspektywy i ograniczenia na przyk\u0142adzie mapy Gaula\/Raczy\u0144skiego (1807-1812),<\/span> autorzy, <span property=\"cc:attributionName\" xmlns:cc=\"http:\/\/creativecommons.org\/ns#\">Instytut Historii im. Tadeusza Manteuffla Polskiej Akademii Nauk<\/span> jest dost\u0119pny na <a rel=\"license\" href=\"http:\/\/creativecommons.org\/licenses\/by-nd\/4.0\/\">licencji Creative Commons Uznanie autorstwa &#8211; Bez utwor\u00f3w zale\u017cnych 4.0 Mi\u0119dzynarodowe<\/a>.\n<\/div><\/div>\n","protected":false},"excerpt":{"rendered":"<p>Digital editions of historical maps: perspectives and constraints on the example of Gaul\/Raczy\u0144ski map (1807-1812) Tomasz Panecki (ed.), authors: Tomasz Panecki, Piotr Kann<\/p>\n","protected":false},"author":7,"featured_media":2344,"parent":2349,"menu_order":195,"comment_status":"closed","ping_status":"closed","template":"","meta":{"_acf_changed":false,"footnotes":""},"categories":[],"tags":[],"class_list":["post-3432","page","type-page","status-publish","has-post-thumbnail","hentry","admin-tag-azm2022-en"],"acf":[],"_links":{"self":[{"href":"https:\/\/atlasfontium.pl\/en\/wp-json\/wp\/v2\/pages\/3432","targetHints":{"allow":["GET"]}}],"collection":[{"href":"https:\/\/atlasfontium.pl\/en\/wp-json\/wp\/v2\/pages"}],"about":[{"href":"https:\/\/atlasfontium.pl\/en\/wp-json\/wp\/v2\/types\/page"}],"author":[{"embeddable":true,"href":"https:\/\/atlasfontium.pl\/en\/wp-json\/wp\/v2\/users\/7"}],"replies":[{"embeddable":true,"href":"https:\/\/atlasfontium.pl\/en\/wp-json\/wp\/v2\/comments?post=3432"}],"version-history":[{"count":1,"href":"https:\/\/atlasfontium.pl\/en\/wp-json\/wp\/v2\/pages\/3432\/revisions"}],"predecessor-version":[{"id":7763,"href":"https:\/\/atlasfontium.pl\/en\/wp-json\/wp\/v2\/pages\/3432\/revisions\/7763"}],"up":[{"embeddable":true,"href":"https:\/\/atlasfontium.pl\/en\/wp-json\/wp\/v2\/pages\/2349"}],"wp:featuredmedia":[{"embeddable":true,"href":"https:\/\/atlasfontium.pl\/en\/wp-json\/wp\/v2\/media\/2344"}],"wp:attachment":[{"href":"https:\/\/atlasfontium.pl\/en\/wp-json\/wp\/v2\/media?parent=3432"}],"wp:term":[{"taxonomy":"category","embeddable":true,"href":"https:\/\/atlasfontium.pl\/en\/wp-json\/wp\/v2\/categories?post=3432"},{"taxonomy":"post_tag","embeddable":true,"href":"https:\/\/atlasfontium.pl\/en\/wp-json\/wp\/v2\/tags?post=3432"}],"curies":[{"name":"wp","href":"https:\/\/api.w.org\/{rel}","templated":true}]}}