{"id":3418,"date":"2020-12-15T20:14:33","date_gmt":"2020-12-15T19:14:33","guid":{"rendered":"https:\/\/atlasfontium.atlas.ihpan.edu.pl\/?page_id=3418"},"modified":"2025-04-28T07:00:04","modified_gmt":"2025-04-28T05:00:04","slug":"sheets","status":"publish","type":"page","link":"https:\/\/atlasfontium.pl\/en\/gaul-raczynski-map\/sheets\/","title":{"rendered":"Download map sheets"},"content":{"rendered":"\n<h2 class=\"wp-block-heading title_sub\">Digital editions of historical maps: perspectives and constraints on the example of Gaul\/Raczy\u0144ski map (1807-1812)<\/h2>\n\n\n\n<h5 class=\"wp-block-heading\">Tomasz Panecki (ed.), authors: Tomasz Panecki, Piotr Kann<\/h5>\n\n\n\n<!--more-->\n\n\n<div class=\"tresc\" align=\"center\">\n<table>\n<tbody>\n<tr>\n<td style=\"padding: 1em;\" align=\"center\"><a href=\"https:\/\/data.atlasfontium.pl\/documents\/358\/download\">Sheet &#8220;Babimost&#8221;<\/a><\/td>\n<td style=\"padding: 1em;\" align=\"center\"><a href=\"https:\/\/data.atlasfontium.pl\/documents\/359\/download\">Sheet &#8220;Ko\u015bcian&#8221;<\/a><\/td>\n<\/tr>\n<tr>\n<td style=\"padding: 1em;\" align=\"center\"><a href=\"https:\/\/data.atlasfontium.pl\/documents\/365\/download\">Sheet &#8220;Krobia&#8221;<\/a><\/td>\n<td style=\"padding: 1em;\" align=\"center\"><a href=\"https:\/\/data.atlasfontium.pl\/documents\/363\/download\">Sheet &#8220;Mi\u0119dzyrzecz&#8221;<\/a><\/td>\n<\/tr>\n<tr>\n<td style=\"padding: 1em;\" align=\"center\"><a href=\"https:\/\/data.atlasfontium.pl\/documents\/362\/download\">Sheet &#8220;Oborniki&#8221;<\/a><\/td>\n<td style=\"padding: 1em;\" align=\"center\"><a href=\"https:\/\/data.atlasfontium.pl\/documents\/366\/download\">Sheet &#8220;Pozna\u0144&#8221;<\/a><\/td>\n<\/tr>\n<tr>\n<td style=\"padding: 1em;\" align=\"center\"><a href=\"https:\/\/data.atlasfontium.pl\/documents\/361\/download\">Sheet &#8220;\u015arem&#8221;<\/a><\/td>\n<td style=\"padding: 1em;\" align=\"center\"><a href=\"https:\/\/data.atlasfontium.pl\/documents\/360\/download\">Sheet &#8220;Wschowa&#8221;<\/a><\/td>\n<\/tr>\n<\/tbody>\n<\/table>\n<\/div>\n\n\n<hr class=\"wp-block-separator has-css-opacity\"\/>\n\n\n\n<div class=\"wp-block-group\"><div class=\"wp-block-group__inner-container is-layout-flow wp-block-group-is-layout-flow\">\n<a rel=\"license\" href=\"http:\/\/creativecommons.org\/licenses\/by-nd\/4.0\/\"><img decoding=\"async\" alt=\"Licencja Creative Commons\" style=\"border-width:0\" src=\"https:\/\/i.creativecommons.org\/l\/by-nd\/4.0\/88x31.png\"><\/a><br><span xmlns:dct=\"http:\/\/purl.org\/dc\/terms\/\" property=\"dct:title\">Cyfrowe edycje map dawnych: perspektywy i ograniczenia na przyk\u0142adzie mapy Gaula\/Raczy\u0144skiego (1807-1812),<\/span> autorzy, <span property=\"cc:attributionName\" xmlns:cc=\"http:\/\/creativecommons.org\/ns#\">Instytut Historii im. Tadeusza Manteuffla Polskiej Akademii Nauk<\/span> jest dost\u0119pny na <a rel=\"license\" href=\"http:\/\/creativecommons.org\/licenses\/by-nd\/4.0\/\">licencji Creative Commons Uznanie autorstwa &#8211; Bez utwor\u00f3w zale\u017cnych 4.0 Mi\u0119dzynarodowe<\/a>.\n<\/div><\/div>\n","protected":false},"excerpt":{"rendered":"<p>Digital editions of historical maps: perspectives and constraints on the example of Gaul\/Raczy\u0144ski map (1807-1812) Tomasz Panecki (ed.), authors: Tomasz Panecki, Piotr Kann<\/p>\n","protected":false},"author":7,"featured_media":2344,"parent":2349,"menu_order":186,"comment_status":"closed","ping_status":"closed","template":"","meta":{"_acf_changed":false,"footnotes":""},"categories":[],"tags":[],"class_list":["post-3418","page","type-page","status-publish","has-post-thumbnail","hentry","admin-tag-azm2022-en"],"acf":[],"_links":{"self":[{"href":"https:\/\/atlasfontium.pl\/en\/wp-json\/wp\/v2\/pages\/3418","targetHints":{"allow":["GET"]}}],"collection":[{"href":"https:\/\/atlasfontium.pl\/en\/wp-json\/wp\/v2\/pages"}],"about":[{"href":"https:\/\/atlasfontium.pl\/en\/wp-json\/wp\/v2\/types\/page"}],"author":[{"embeddable":true,"href":"https:\/\/atlasfontium.pl\/en\/wp-json\/wp\/v2\/users\/7"}],"replies":[{"embeddable":true,"href":"https:\/\/atlasfontium.pl\/en\/wp-json\/wp\/v2\/comments?post=3418"}],"version-history":[{"count":2,"href":"https:\/\/atlasfontium.pl\/en\/wp-json\/wp\/v2\/pages\/3418\/revisions"}],"predecessor-version":[{"id":9108,"href":"https:\/\/atlasfontium.pl\/en\/wp-json\/wp\/v2\/pages\/3418\/revisions\/9108"}],"up":[{"embeddable":true,"href":"https:\/\/atlasfontium.pl\/en\/wp-json\/wp\/v2\/pages\/2349"}],"wp:featuredmedia":[{"embeddable":true,"href":"https:\/\/atlasfontium.pl\/en\/wp-json\/wp\/v2\/media\/2344"}],"wp:attachment":[{"href":"https:\/\/atlasfontium.pl\/en\/wp-json\/wp\/v2\/media?parent=3418"}],"wp:term":[{"taxonomy":"category","embeddable":true,"href":"https:\/\/atlasfontium.pl\/en\/wp-json\/wp\/v2\/categories?post=3418"},{"taxonomy":"post_tag","embeddable":true,"href":"https:\/\/atlasfontium.pl\/en\/wp-json\/wp\/v2\/tags?post=3418"}],"curies":[{"name":"wp","href":"https:\/\/api.w.org\/{rel}","templated":true}]}}