{"id":3288,"date":"2020-12-14T17:56:43","date_gmt":"2020-12-14T16:56:43","guid":{"rendered":"https:\/\/atlasfontium.atlas.ihpan.edu.pl\/?page_id=3288"},"modified":"2025-01-23T14:09:07","modified_gmt":"2025-01-23T13:09:07","slug":"atlas-fontium-en","status":"publish","type":"page","link":"https:\/\/atlasfontium.pl\/en\/atlas-fontium-en\/","title":{"rendered":"Atlas Fontium"},"content":{"rendered":"\n<h5 class=\"author\"><a href=\"https:\/\/ihpan.edu.pl\/en\/employees\/cooperator\/marek-slon\/\">Marek S\u0142o\u0144<\/a>, Tadeusz Manteuffel Institute of History of the Polish Academy of Sciences<\/h5>\n\n\n\n<h5 class=\"wp-block-heading\">Studia Geohistorica 6, 2018, p. 185<strong><br><\/strong><a href=\"https:\/\/apcz.umk.pl\/czasopisma\/index.php\/AZMDDP\/article\/view\/20271\/17489\">Journal home page<\/a><\/h5>\n\n\n\n<!--more-->\n\n\n\n<div class=\"wp-block-cgb-block-algori-pdf-viewer\"><iframe class=\"wp-block-cgb-block-algori-pdf-viewer-iframe\" src=\"https:\/\/atlasfontium.pl\/wp-content\/plugins\/algori-pdf-viewer\/dist\/web\/viewer.html?file=https%3A%2F%2Fatlasfontium.pl%2Fwp-content%2Fuploads%2F2020%2F04%2Fslon_wstep_af.pdf\" style=\"width:600px;height:300px\" alt=\"Artyku\u0142: Atlas Fontium (wst\u0119p)\"><\/iframe><\/div>\n\n\n\n<hr class=\"wp-block-separator has-css-opacity\"\/>\n\n\n\n<div class=\"wp-block-group\"><div class=\"wp-block-group__inner-container is-layout-flow wp-block-group-is-layout-flow\">\n<a rel=\"license\" href=\"http:\/\/creativecommons.org\/licenses\/by-nd\/4.0\/\"><img decoding=\"async\" alt=\"Licencja Creative Commons\" style=\"border-width:0\" src=\"https:\/\/i.creativecommons.org\/l\/by-nd\/4.0\/88x31.png\"><\/a><br><span xmlns:dct=\"http:\/\/purl.org\/dc\/terms\/\" property=\"dct:title\">Atlas Fontium<\/span>, autorzy, <span property=\"cc:attributionName\" xmlns:cc=\"http:\/\/creativecommons.org\/ns#\">Instytut Historii im. Tadeusza Manteuffla Polskiej Akademii Nauk<\/span> i <span property=\"cc:attributionName\" xmlns:cc=\"http:\/\/creativecommons.org\/ns#\">Pracownia Geoinformacji Historycznej Katolickiego Uniwersytetu Lubelskiego<\/span> jest dost\u0119pny na <a rel=\"license\" href=\"http:\/\/creativecommons.org\/licenses\/by-nd\/4.0\/\">licencji Creative Commons Uznanie autorstwa &#8211; Bez utwor\u00f3w zale\u017cnych 4.0 Mi\u0119dzynarodowe<\/a>.\n<\/div><\/div>\n","protected":false},"excerpt":{"rendered":"<p>Marek S\u0142o\u0144, Tadeusz Manteuffel Institute of History of the Polish Academy of Sciences Studia Geohistorica 6, 2018, p. 185Journal home page<\/p>\n","protected":false},"author":7,"featured_media":2549,"parent":0,"menu_order":147,"comment_status":"closed","ping_status":"closed","template":"","meta":{"_acf_changed":false,"footnotes":""},"categories":[294,321],"tags":[],"class_list":["post-3288","page","type-page","status-publish","has-post-thumbnail","hentry","category-studia-geohistorica-pl","category-studia-geohistorica-5-en","admin-tag-af_wprowadzenie","admin-tag-sgh5-en"],"acf":[],"_links":{"self":[{"href":"https:\/\/atlasfontium.pl\/en\/wp-json\/wp\/v2\/pages\/3288","targetHints":{"allow":["GET"]}}],"collection":[{"href":"https:\/\/atlasfontium.pl\/en\/wp-json\/wp\/v2\/pages"}],"about":[{"href":"https:\/\/atlasfontium.pl\/en\/wp-json\/wp\/v2\/types\/page"}],"author":[{"embeddable":true,"href":"https:\/\/atlasfontium.pl\/en\/wp-json\/wp\/v2\/users\/7"}],"replies":[{"embeddable":true,"href":"https:\/\/atlasfontium.pl\/en\/wp-json\/wp\/v2\/comments?post=3288"}],"version-history":[{"count":2,"href":"https:\/\/atlasfontium.pl\/en\/wp-json\/wp\/v2\/pages\/3288\/revisions"}],"predecessor-version":[{"id":7321,"href":"https:\/\/atlasfontium.pl\/en\/wp-json\/wp\/v2\/pages\/3288\/revisions\/7321"}],"wp:featuredmedia":[{"embeddable":true,"href":"https:\/\/atlasfontium.pl\/en\/wp-json\/wp\/v2\/media\/2549"}],"wp:attachment":[{"href":"https:\/\/atlasfontium.pl\/en\/wp-json\/wp\/v2\/media?parent=3288"}],"wp:term":[{"taxonomy":"category","embeddable":true,"href":"https:\/\/atlasfontium.pl\/en\/wp-json\/wp\/v2\/categories?post=3288"},{"taxonomy":"post_tag","embeddable":true,"href":"https:\/\/atlasfontium.pl\/en\/wp-json\/wp\/v2\/tags?post=3288"}],"curies":[{"name":"wp","href":"https:\/\/api.w.org\/{rel}","templated":true}]}}