{"id":2609,"date":"2020-05-06T20:56:57","date_gmt":"2020-05-06T18:56:57","guid":{"rendered":"https:\/\/atlasfontium.atlas.ihpan.edu.pl\/?page_id=2609"},"modified":"2025-01-23T13:55:12","modified_gmt":"2025-01-23T12:55:12","slug":"applications","status":"publish","type":"page","link":"https:\/\/atlasfontium.pl\/en\/applications\/","title":{"rendered":"Applications"},"content":{"rendered":"<p>Applications available on Atlas Fontium with information about publication.<\/p>\n\n\n<!--more-->\n\n\n<div class=\"one\">\n<p><i class=\"fa fa-map\"><\/i> <a href=\"\/language\/en\/religions-and-confessions-in-the-polish-crown-in-the-2nd-half-of-the-18th-century\/gis-application\/\">Map temples in the Crown in the second half of the 18th century.<\/a> (Publication: <a href=\"\/?page_id=860\">Religions and Confessions in the Polish Crown in the 2nd half of the 18th Century<\/a>)<\/p>\n<\/div>\n<div class=\"two\">\n<p><i class=\"fa fa-map\"><\/i> <a href=\"\/materialy-do-slownika-historyczno-geograficznego-ziemi-liwskiej-w-sredniowieczu-i-w-xvi-wieku\/aplikacja-gis\/\">Map of the Liw land<\/a> (Publication: <a href=\"\/?page_id=1919\">Materia\u0142y do s\u0142ownika historyczno-geograficznego ziemi liwskiej w \u015bredniowieczu i w XVI wieku<\/a>)<\/p>\n<\/div>\n<div class=\"one\">\n<p><i class=\"fa fa-map\"><\/i> <a href=\"\/language\/en\/tax-registers-from-the-voivodeship-of-kalisz-in-the-16th-century\/gis-application\/\">Map of the Kalisz voivodeship with information from tax registers from the second half of the 16th century.<\/a> (Publication: <a href=\"\/?page_id=587\">Historical Atlas of Poland. Tax Registers from the Voivodeship of Kalisz in the 16th Century.<\/a>)<\/p>\n<\/div>\n<div class=\"two\">\n<p><i class=\"fa fa-map\"><\/i> <a href=\"http:\/\/hgisb.kul.lublin.pl\/azm\/pmapper-4.2.0\/map_default.phtml?resetsession=ALL&amp;config=poznanskie&amp;language=en\">Map of the Pozna\u0144 voivodeship with information from tax registers from the second half of the 16th century.<\/a> (Publication: <a href=\"\/?page_id=511\">Historical Atlas of Poland. Tax Registers from the Voivodeship of Pozna\u0144 in the 16th Century<\/a>)<\/p>\n<\/div>\n<div class=\"one\">\n<p><i class=\"fa fa-map\"><\/i> <a href=\"\/admisje-notarialne-w-diecezji-plockiej-u-schylku-sredniowiecza\/aplikacja-gis-2\/\">Map showing the origin of admitted notaries in the diocese of P\u0142ock<\/a> (Publication: <a href=\"\/?page_id=2554\">Admisje notarialne w diecezji p\u0142ockiej u schy\u0142ku \u015bredniowiecza<\/a>)<\/p>\n<\/div>\n<div class=\"two\">\n<p><i class=\"fa fa-map\"><\/i> <a href=\"\/the-spatial-database-development-for-research-on-settlements-and-afforestation-in-nowy-tomysl-plain-in-early-modern-times\/map-web-gis-aplication\/\">Map of historical afforestation of the Nowy Tomy\u015bl plain<\/a> (Publication: <a href=\"\/?page_id=1944\">The Spatial Database Development for Research on Settlements and Afforestation in Nowy Tomy\u015bl Plain in Early Modern Times<\/a>)<\/p>\n<\/div>\n<div class=\"one\">\n<p><i class=\"fa fa-book\"><\/i> <a href=\"\/language\/en\/wschowa-court-book\/see-edition\/\">Edition of the court records of Wschowa<\/a> (Publication: <a href=\"\/?page_id=1925\">The Court Records of Wschowa (1495\u20131526). Digital Edition<\/a>)<\/p>\n<\/div>\n<div class=\"two\">\n<p><i class=\"fa fa-search\"><\/i> <a href=\"\/geograficzne-uwarunkowania-wykorzystania-prowizji-papieskich-w-staraniach-o-beneficja-koscielne-w-poznosredniowiecznej-polsce\/przegladanie-danych\/\">Late medieval papal provisions of Polish clergy<\/a> (Publication: <a href=\"\/?page_id=2544\">Geograficzne uwarunkowania wykorzystania prowizji papieskich w staraniach o beneficja ko\u015bcielne w p\u00f3\u017ano\u015bredniowiecznej Polsce<\/a>)<\/p>\n<\/div>\n<div class=\"one\">\n<p><i class=\"fa fa-map\"><\/i> <a href=\"\/przestrzenne-zroznicowanie-wysokosci-cen-zyta-pszenicy-jeczmienia-i-owsa-na-terenie-krolestwa-polskiego-w-lustracjach-krolewszczyzn-z-lat-1564-1565\/mapa-aplikacja-web-gis\/\">Map of grain prices in the Crown<\/a> (Publication: <a href=\"\/?page_id=2539\">Przestrzenne zr\u00f3\u017cnicowanie wysoko\u015bci cen \u017cyta, pszenicy, j\u0119czmienia i owsa na terenie Kr\u00f3lestwa Polskiego w lustracjach kr\u00f3lewszczyzn z lat 1564\u20131565<\/a>)<\/p>\n<\/div>\n<div class=\"two\">\n<p><i class=\"fa fa-map\"><\/i> <a href=\"\/language\/en\/register-of-protestant-communities-in-the-polish-lithuanian-commonwealth\/gis-application\/\">Map of Protestant churches in the Polish-Lithuanian Commonwealth<\/a> (Publication: <a href=\"\/?page_id=872\">Register of Protestant communities in the Polish-Lithuanian Commonwealth in the 16th-18th centuries<\/a>)<\/p>\n<\/div>\n<div class=\"one\">\n<p><i class=\"fa fa-map\"><\/i> <a href=\"\/language\/en\/parish-libraries-of-wislica-praeposite-in-the-second-half-of-the-18th-century\/gis-application\/\">Map of the libraries of Wi\u015blica praeposite<\/a> (Publication: <a href=\"\/?page_id=835\">Parish libraries of Wi\u015blica praeposite in the second half of the 18th century<\/a>)<\/p>\n<\/div>\n<div class=\"two\">\n<p><i class=\"fa fa-book\"><\/i> <a href=\"\/elektroniczne-indeksy-do-ksiag-sadow-szlacheckich-powiatu-kaliskiego-ok-1470-1519\/grodzka-31-aplikacja\/\">Edition of the Kalisz court book 31<\/a> (Publication: <a href=\"\/?page_id=2303\/\">Elektroniczne indeksy do ksi\u0105g s\u0105d\u00f3w szlacheckich powiatu kaliskiego (ok. 1470\u20131519)<\/a>)<\/p>\n<\/div>\n<div class=\"one\">\n<p><i class=\"fa fa-book\"><\/i> <a href=\"\/elektroniczne-indeksy-do-ksiag-sadow-szlacheckich-powiatu-kaliskiego-ok-1470-1519\/ziemska-13-aplikacja\/\">Edition of the Kalisz land book 13<\/a> (Publication: <a href=\"\/?page_id=2303\">Elektroniczne indeksy do ksi\u0105g s\u0105d\u00f3w szlacheckich powiatu kaliskiego (ok. 1470\u20131519)<\/a>)<\/p>\n<\/div>\n<div class=\"two\">\n<p><i class=\"fa fa-book\"><\/i> <a href=\"\/elektroniczne-indeksy-do-ksiag-sadow-szlacheckich-powiatu-kaliskiego-ok-1470-1519\/ziemska-18-aplikacja\/\">Edition of the Kalisz land book 18<\/a> (Publication: <a href=\"\/?page_id=2303\">Elektroniczne indeksy do ksi\u0105g s\u0105d\u00f3w szlacheckich powiatu kaliskiego (ok. 1470\u20131519)<\/a>)<\/p>\n<\/div>\n<div class=\"one\">\n<p><i class=\"fa fa-book\"><\/i> <a href=\"https:\/\/atlas.ihpan.edu.pl\/indxr\/app\/kkk_pub\/index.php\">Edition of the Kalisz consistory books from 1504\u20131540<\/a> (Publication: <a href=\"\/?page_id=2317\">Ksi\u0119gi konsystorza kaliskiego 1504\u20131540<\/a>)<\/p>\n<\/div>\n<div class=\"two\">\n<p><i class=\"fa fa-book\"><\/i> <a href=\"\/ksiegi-sadowe-powiatu-kaliskiego-1587-1594\/przegladaj-ksiegi\/\">Edition of the Kalisz court and land books form 1587-1594<\/a> (Publication: <a href=\"\/?page_id=2327\">Ksi\u0119gi s\u0105dowe powiatu kaliskiego 1587-1594<\/a>)<\/p>\n<\/div>\n<div class=\"one\">\n<p><i class=\"fa fa-map\"><\/i> <a href=\"https:\/\/data.ihpan.sfat.dev\/maps\/178\/view#\/\">Map of polish lands of the Crown in 16th century<\/a> (Publication: <a href=\"\/?page_id=848\">The map of Polish lands of the Crown in the 16th century \u2013 a spatial database<\/a>)<\/p>\n<\/div>\n<div class=\"two\">\n<p><i class=\"fa fa-map\"><\/i> <a href=\"\/language\/en\/digital-editions-of-historical-maps-perspectives-and-constraints-on-the-example-of-gaul-raczynski-map-1807-1812\/map-web-gis-application\/\">Gaul&#8217;s map<\/a> (Publication: <a href=\"\/?page_id=2349\">Digital editions of historical maps: perspectives and constraints on the example of Gaul\/Raczy\u0144ski map (1807-1812)<\/a>)<\/p>\n<\/div>\n<div class=\"one\">\n<p><i class=\"fa fa-search\"><\/i> <a href=\"https:\/\/atlasfontium.pl\/?page_id=5225\">List of estates<\/a> (W publikacji: <a href=\"\/?page_id=2544\">Wykaz maj\u0105tk\u00f3w wielkiej w\u0142asno\u015bci ziemskiej w Polsce obj\u0119tych dekretem o reformie rolnej z 6 IX 1944 r.<\/a>)<\/p>\n<\/div>","protected":false},"excerpt":{"rendered":"<p>Applications available on Atlas Fontium with information about publication.<\/p>\n","protected":false},"author":7,"featured_media":0,"parent":0,"menu_order":86,"comment_status":"closed","ping_status":"closed","template":"","meta":{"_acf_changed":false,"footnotes":""},"categories":[],"tags":[],"class_list":["post-2609","page","type-page","status-publish","hentry","admin-tag-main"],"acf":[],"_links":{"self":[{"href":"https:\/\/atlasfontium.pl\/en\/wp-json\/wp\/v2\/pages\/2609","targetHints":{"allow":["GET"]}}],"collection":[{"href":"https:\/\/atlasfontium.pl\/en\/wp-json\/wp\/v2\/pages"}],"about":[{"href":"https:\/\/atlasfontium.pl\/en\/wp-json\/wp\/v2\/types\/page"}],"author":[{"embeddable":true,"href":"https:\/\/atlasfontium.pl\/en\/wp-json\/wp\/v2\/users\/7"}],"replies":[{"embeddable":true,"href":"https:\/\/atlasfontium.pl\/en\/wp-json\/wp\/v2\/comments?post=2609"}],"version-history":[{"count":1,"href":"https:\/\/atlasfontium.pl\/en\/wp-json\/wp\/v2\/pages\/2609\/revisions"}],"predecessor-version":[{"id":7688,"href":"https:\/\/atlasfontium.pl\/en\/wp-json\/wp\/v2\/pages\/2609\/revisions\/7688"}],"wp:attachment":[{"href":"https:\/\/atlasfontium.pl\/en\/wp-json\/wp\/v2\/media?parent=2609"}],"wp:term":[{"taxonomy":"category","embeddable":true,"href":"https:\/\/atlasfontium.pl\/en\/wp-json\/wp\/v2\/categories?post=2609"},{"taxonomy":"post_tag","embeddable":true,"href":"https:\/\/atlasfontium.pl\/en\/wp-json\/wp\/v2\/tags?post=2609"}],"curies":[{"name":"wp","href":"https:\/\/api.w.org\/{rel}","templated":true}]}}