{"id":1925,"date":"2018-07-10T21:55:27","date_gmt":"2018-07-10T19:55:27","guid":{"rendered":"https:\/\/test-79-1.ihpan.edu.pl\/?page_id=1925"},"modified":"2025-01-30T12:16:39","modified_gmt":"2025-01-30T11:16:39","slug":"wschowa-court-book-en","status":"publish","type":"page","link":"https:\/\/atlasfontium.pl\/en\/wschowa-court-book-en\/","title":{"rendered":"The Court Records of Wschowa (1495\u20131526). Digital Edition"},"content":{"rendered":"\n<h5>Editors: <a href=\"https:\/\/ihpan.edu.pl\/en\/employees\/cooperator\/marek-slon\/\">Marek S\u0142o\u0144<\/a>, Urszula Zachara-Zwi\u0105zek<\/a><br>Studia Geohistorica 6 (2018), p. 206\u2013219<br><a href=\"https:\/\/apcz.umk.pl\/czasopisma\/index.php\/AZMDDP\/article\/view\/20273\">Journal home page<\/a><\/h5>\n\n\n\n<!--more-->\n\n\n\n<div style=\"float:right\"><img loading=\"lazy\" decoding=\"async\" src=\"https:\/\/atlasfontium.pl\/wp-content\/uploads\/2018\/05\/herb-swieciechowa-e1531253893150.jpg\" alt=\"\u015awi\u0119ciechowa - herb\" width=\"60\" height=\"75\" align=\"left\"><p style=\"position: relative; top: 8px\" align=\"center\"><b>ENGLISH VERSION FINANCED BY MUNICIPALITY OF \u015aWI\u0118CIECHOWA<\/b><\/p><\/div>\n\n\n\n<div style=\"float:left\"><img loading=\"lazy\" decoding=\"async\" src=\"https:\/\/atlasfontium.pl\/wp-content\/uploads\/2018\/05\/logo_leszno-e1531254003624.jpg\" alt=\"Leszno - logo\" width=\"60\" height=\"75\" align=\"left\"><p style=\"position: relative; top: 8px\" align=\"center\"><b>APPLICATION INDXR WAS FINANCED<br>BY CITY LESZNO<\/b><\/p><\/div>\n\n\n\n<div class=\"wp-block-cgb-block-algori-pdf-viewer\"><iframe class=\"wp-block-cgb-block-algori-pdf-viewer-iframe\" src=\"https:\/\/atlasfontium.pl\/wp-content\/plugins\/algori-pdf-viewer\/dist\/web\/viewer.html?file=https%3A%2F%2Fatlasfontium.pl%2Fwp-content%2Fuploads%2F2018%2F07%2Fsgh6_wschowa.pdf\" style=\"width:600px;height:300px\" alt=\"Artyku\u0142: The Court Records of Wschowa (1495\u20131526). Digital Edition\"><\/iframe><\/div>\n\n\n\n<hr class=\"wp-block-separator has-css-opacity\"\/>\n\n\n\n<div class=\"wp-block-group\"><div class=\"wp-block-group__inner-container is-layout-flow wp-block-group-is-layout-flow\">\n<a rel=\"license\" href=\"http:\/\/creativecommons.org\/licenses\/by-nd\/4.0\/\"><img decoding=\"async\" alt=\"Licencja Creative Commons\" style=\"border-width:0\" src=\"https:\/\/i.creativecommons.org\/l\/by-nd\/4.0\/88x31.png\"><\/a><br><span xmlns:dct=\"http:\/\/purl.org\/dc\/terms\/\" property=\"dct:title\">The Court Records of Wschowa (1495\u20131526). Digital Edition,<\/span> autorzy, <span property=\"cc:attributionName\" xmlns:cc=\"http:\/\/creativecommons.org\/ns#\">Instytut Historii im. Tadeusza Manteuffla Polskiej Akademii Nauk<\/span> i <span property=\"cc:attributionName\" xmlns:cc=\"http:\/\/creativecommons.org\/ns#\">Pracownia Geoinformacji Historycznej Katolickiego Uniwersytetu Lubelskiego<\/span> jest dost\u0119pny na <a rel=\"license\" href=\"http:\/\/creativecommons.org\/licenses\/by-nd\/4.0\/\">licencji Creative Commons Uznanie autorstwa &#8211; Bez utwor\u00f3w zale\u017cnych 4.0 Mi\u0119dzynarodowe<\/a>.\n<\/div><\/div>\n","protected":false},"excerpt":{"rendered":"<p>Editors: Marek S\u0142o\u0144, Urszula Zachara-Zwi\u0105zekStudia Geohistorica 6 (2018), p. 206\u2013219Journal home page<\/p>\n","protected":false},"author":7,"featured_media":442,"parent":0,"menu_order":151,"comment_status":"closed","ping_status":"closed","template":"","meta":{"_acf_changed":false,"footnotes":""},"categories":[294,318],"tags":[1090,1092,1042,1046,1050,1052],"class_list":["post-1925","page","type-page","status-publish","has-post-thumbnail","hentry","category-studia-geohistorica-pl","category-studia-geohistorica-6-en","tag-judiciary","tag-land-of-wschowa","tag-studia_geohistorica_en","tag-digital-edition","tag-15th-c","tag-16th-c","admin-tag-sgh6","admin-tag-strona-glowna-en"],"acf":[],"_links":{"self":[{"href":"https:\/\/atlasfontium.pl\/en\/wp-json\/wp\/v2\/pages\/1925","targetHints":{"allow":["GET"]}}],"collection":[{"href":"https:\/\/atlasfontium.pl\/en\/wp-json\/wp\/v2\/pages"}],"about":[{"href":"https:\/\/atlasfontium.pl\/en\/wp-json\/wp\/v2\/types\/page"}],"author":[{"embeddable":true,"href":"https:\/\/atlasfontium.pl\/en\/wp-json\/wp\/v2\/users\/7"}],"replies":[{"embeddable":true,"href":"https:\/\/atlasfontium.pl\/en\/wp-json\/wp\/v2\/comments?post=1925"}],"version-history":[{"count":2,"href":"https:\/\/atlasfontium.pl\/en\/wp-json\/wp\/v2\/pages\/1925\/revisions"}],"predecessor-version":[{"id":8004,"href":"https:\/\/atlasfontium.pl\/en\/wp-json\/wp\/v2\/pages\/1925\/revisions\/8004"}],"wp:featuredmedia":[{"embeddable":true,"href":"https:\/\/atlasfontium.pl\/en\/wp-json\/wp\/v2\/media\/442"}],"wp:attachment":[{"href":"https:\/\/atlasfontium.pl\/en\/wp-json\/wp\/v2\/media?parent=1925"}],"wp:term":[{"taxonomy":"category","embeddable":true,"href":"https:\/\/atlasfontium.pl\/en\/wp-json\/wp\/v2\/categories?post=1925"},{"taxonomy":"post_tag","embeddable":true,"href":"https:\/\/atlasfontium.pl\/en\/wp-json\/wp\/v2\/tags?post=1925"}],"curies":[{"name":"wp","href":"https:\/\/api.w.org\/{rel}","templated":true}]}}