{"id":1719,"date":"2018-06-18T23:42:00","date_gmt":"2018-06-18T21:42:00","guid":{"rendered":"https:\/\/test-79-1.ihpan.edu.pl\/?page_id=1719"},"modified":"2022-09-07T13:32:57","modified_gmt":"2022-09-07T11:32:57","slug":"download-registers-pzn","status":"publish","type":"page","link":"https:\/\/atlasfontium.pl\/en\/tax-registers-of-the-poznan-voivodeship\/download-registers-pzn\/","title":{"rendered":"Download registers"},"content":{"rendered":"\n<h2 class=\"title_sub\">Historical Atlas of Poland. Tax Registers from the Voivodeship of Pozna\u0144 in the 16th Century<\/h2><h5>Atlas \u0179r\u00f3de\u0142 i Materia\u0142\u00f3w do Dziej\u00f3w Dawnej Polski, No. 3<br>ed. M. S\u0142o\u0144, Instytut Historii PAN im. Tadeusza Manteuffla 2015<\/h5>\n\n\n\n<!--more-->\n\n\n\n<p><a href=\"https:\/\/data.ihpan.sfat.dev\/documents\/390\/download\"><strong>Download tax registers of Ko\u015bcian district<\/strong><\/a><\/p>\n\n\n\n<p><a href=\"https:\/\/data.ihpan.sfat.dev\/documents\/391\/download\"><strong>Download tax registers of Pozna\u0144 district<\/strong><\/a><\/p>\n\n\n\n<p><a href=\"https:\/\/data.ihpan.sfat.dev\/documents\/392\/download\"><strong>Download tax registers of Wa\u0142cz district<\/strong><\/a><\/p>\n\n\n\n<p><a href=\"https:\/\/data.ihpan.sfat.dev\/documents\/393\/download\"><strong>Download tax registers of Wschowa land<\/strong><\/a><\/p>\n\n\n\n<hr class=\"wp-block-separator has-css-opacity\"\/>\n\n\n\n<div class=\"wp-block-group\"><div class=\"wp-block-group__inner-container is-layout-flow wp-block-group-is-layout-flow\">\n<a rel=\"license\" href=\"http:\/\/creativecommons.org\/licenses\/by-nd\/4.0\/\"><img decoding=\"async\" alt=\"Licencja Creative Commons\" style=\"border-width:0\" src=\"https:\/\/i.creativecommons.org\/l\/by-nd\/4.0\/88x31.png\"><\/a><br><span xmlns:dct=\"http:\/\/purl.org\/dc\/terms\/\" property=\"dct:title\">Rejestry poborowe wojew\u00f3dztwa kaliskiego w XVI w.<\/span> autorzy, <span property=\"cc:attributionName\" xmlns:cc=\"http:\/\/creativecommons.org\/ns#\">Instytut Historii im. Tadeusza Manteuffla Polskiej Akademii Nauk<\/span> i <span property=\"cc:attributionName\" xmlns:cc=\"http:\/\/creativecommons.org\/ns#\">Pracownia Geoinformacji Historycznej Katolickiego Uniwersytetu Lubelskiego<\/span> jest dost\u0119pny na <a rel=\"license\" href=\"http:\/\/creativecommons.org\/licenses\/by-nd\/4.0\/\">licencji Creative Commons Uznanie autorstwa &#8211; Bez utwor\u00f3w zale\u017cnych 4.0 Mi\u0119dzynarodowe<\/a>.\n<\/div><\/div>\n","protected":false},"excerpt":{"rendered":"<p>Historical Atlas of Poland. Tax Registers from the Voivodeship of Pozna\u0144 in the 16th Century Atlas \u0179r\u00f3de\u0142 i Materia\u0142\u00f3w do Dziej\u00f3w Dawnej Polski, No. 3ed. M. S\u0142o\u0144, Instytut Historii PAN im. Tadeusza Manteuffla 2015<\/p>\n","protected":false},"author":7,"featured_media":441,"parent":511,"menu_order":125,"comment_status":"closed","ping_status":"closed","template":"","meta":{"_acf_changed":false,"footnotes":""},"categories":[],"tags":[],"class_list":["post-1719","page","type-page","status-publish","has-post-thumbnail","hentry","admin-tag-azm2015-en"],"acf":[],"_links":{"self":[{"href":"https:\/\/atlasfontium.pl\/en\/wp-json\/wp\/v2\/pages\/1719","targetHints":{"allow":["GET"]}}],"collection":[{"href":"https:\/\/atlasfontium.pl\/en\/wp-json\/wp\/v2\/pages"}],"about":[{"href":"https:\/\/atlasfontium.pl\/en\/wp-json\/wp\/v2\/types\/page"}],"author":[{"embeddable":true,"href":"https:\/\/atlasfontium.pl\/en\/wp-json\/wp\/v2\/users\/7"}],"replies":[{"embeddable":true,"href":"https:\/\/atlasfontium.pl\/en\/wp-json\/wp\/v2\/comments?post=1719"}],"version-history":[{"count":0,"href":"https:\/\/atlasfontium.pl\/en\/wp-json\/wp\/v2\/pages\/1719\/revisions"}],"up":[{"embeddable":true,"href":"https:\/\/atlasfontium.pl\/en\/wp-json\/wp\/v2\/pages\/511"}],"wp:featuredmedia":[{"embeddable":true,"href":"https:\/\/atlasfontium.pl\/en\/wp-json\/wp\/v2\/media\/441"}],"wp:attachment":[{"href":"https:\/\/atlasfontium.pl\/en\/wp-json\/wp\/v2\/media?parent=1719"}],"wp:term":[{"taxonomy":"category","embeddable":true,"href":"https:\/\/atlasfontium.pl\/en\/wp-json\/wp\/v2\/categories?post=1719"},{"taxonomy":"post_tag","embeddable":true,"href":"https:\/\/atlasfontium.pl\/en\/wp-json\/wp\/v2\/tags?post=1719"}],"curies":[{"name":"wp","href":"https:\/\/api.w.org\/{rel}","templated":true}]}}