{"id":1701,"date":"2018-07-06T16:18:59","date_gmt":"2018-07-06T14:18:59","guid":{"rendered":"https:\/\/test-79-1.ihpan.edu.pl\/?page_id=1701"},"modified":"2025-01-23T13:54:34","modified_gmt":"2025-01-23T12:54:34","slug":"download-tax-registers-kls","status":"publish","type":"page","link":"https:\/\/atlasfontium.pl\/en\/tax-registers-of-the-kalisz-voivodeship\/download-tax-registers-kls\/","title":{"rendered":"Download tax registers"},"content":{"rendered":"\n<h2 class=\"title_sub wp-block-heading\">Historical Atlas of Poland. Tax Registers from the Voivodeship of Kalisz in the 16th Century.<\/h2>\n\n\n\n<h5 class=\"wp-block-heading\">Atlas \u0179r\u00f3de\u0142 i Materia\u0142\u00f3w do Dziej\u00f3w Dawnej Polski, no. 2<br>ed. M. S\u0142o\u0144, Instytut Historii PAN im. Tadeusza Manteuffla 2015<\/h5>\n\n\n\n<!--more-->\n\n\n\n<p><a href=\"https:\/\/data.ihpan.sfat.dev\/documents\/387\/download\"><strong>Download tax registers of Kcynia district<\/strong><\/a><\/p>\n\n\n\n<p><a href=\"https:\/\/data.ihpan.sfat.dev\/documents\/386\/download\"><strong>Download tax registers of Nak\u0142o district<\/strong><\/a><\/p>\n\n\n\n<p><a href=\"https:\/\/data.ihpan.sfat.dev\/documents\/385\/download\"><strong>Download tax registers of Konin district<\/strong><\/a><\/p>\n\n\n\n<p><a href=\"https:\/\/data.ihpan.sfat.dev\/documents\/384\/download\"><strong>Download tax registers of Pyzdry district<\/strong><\/a><\/p>\n\n\n\n<p><a href=\"https:\/\/data.ihpan.sfat.dev\/documents\/388\/download\"><strong>Download tax registers of Gniezno district<\/strong><\/a><\/p>\n\n\n\n<p><a href=\"https:\/\/data.ihpan.sfat.dev\/documents\/389\/download\"><strong>Download tax registers of Kalisz district<\/strong><\/a><\/p>\n\n\n\n<hr class=\"wp-block-separator has-css-opacity\"\/>\n\n\n\n<div class=\"wp-block-group\"><div class=\"wp-block-group__inner-container is-layout-flow wp-block-group-is-layout-flow\">\n<a rel=\"license\" href=\"http:\/\/creativecommons.org\/licenses\/by-nd\/4.0\/\"><img decoding=\"async\" alt=\"Licencja Creative Commons\" style=\"border-width:0\" src=\"https:\/\/i.creativecommons.org\/l\/by-nd\/4.0\/88x31.png\"><\/a><br><span xmlns:dct=\"http:\/\/purl.org\/dc\/terms\/\" property=\"dct:title\">Rejestry poborowe wojew\u00f3dztwa kaliskiego w XVI w.<\/span> autorzy, <span property=\"cc:attributionName\" xmlns:cc=\"http:\/\/creativecommons.org\/ns#\">Instytut Historii im. Tadeusza Manteuffla Polskiej Akademii Nauk<\/span> i <span property=\"cc:attributionName\" xmlns:cc=\"http:\/\/creativecommons.org\/ns#\">Pracownia Geoinformacji Historycznej Katolickiego Uniwersytetu Lubelskiego<\/span> jest dost\u0119pny na <a rel=\"license\" href=\"http:\/\/creativecommons.org\/licenses\/by-nd\/4.0\/\">licencji Creative Commons Uznanie autorstwa &#8211; Bez utwor\u00f3w zale\u017cnych 4.0 Mi\u0119dzynarodowe<\/a>.\n<\/div><\/div>\n","protected":false},"excerpt":{"rendered":"<p>Historical Atlas of Poland. Tax Registers from the Voivodeship of Kalisz in the 16th Century. Atlas \u0179r\u00f3de\u0142 i Materia\u0142\u00f3w do Dziej\u00f3w Dawnej Polski, no. 2ed. M. S\u0142o\u0144, Instytut Historii PAN im. Tadeusza Manteuffla 2015<\/p>\n","protected":false},"author":7,"featured_media":2197,"parent":587,"menu_order":233,"comment_status":"closed","ping_status":"closed","template":"","meta":{"_acf_changed":false,"footnotes":""},"categories":[],"tags":[],"class_list":["post-1701","page","type-page","status-publish","has-post-thumbnail","hentry","admin-tag-azm2015-en","admin-tag-rej_kls"],"acf":[],"_links":{"self":[{"href":"https:\/\/atlasfontium.pl\/en\/wp-json\/wp\/v2\/pages\/1701","targetHints":{"allow":["GET"]}}],"collection":[{"href":"https:\/\/atlasfontium.pl\/en\/wp-json\/wp\/v2\/pages"}],"about":[{"href":"https:\/\/atlasfontium.pl\/en\/wp-json\/wp\/v2\/types\/page"}],"author":[{"embeddable":true,"href":"https:\/\/atlasfontium.pl\/en\/wp-json\/wp\/v2\/users\/7"}],"replies":[{"embeddable":true,"href":"https:\/\/atlasfontium.pl\/en\/wp-json\/wp\/v2\/comments?post=1701"}],"version-history":[{"count":1,"href":"https:\/\/atlasfontium.pl\/en\/wp-json\/wp\/v2\/pages\/1701\/revisions"}],"predecessor-version":[{"id":7686,"href":"https:\/\/atlasfontium.pl\/en\/wp-json\/wp\/v2\/pages\/1701\/revisions\/7686"}],"up":[{"embeddable":true,"href":"https:\/\/atlasfontium.pl\/en\/wp-json\/wp\/v2\/pages\/587"}],"wp:featuredmedia":[{"embeddable":true,"href":"https:\/\/atlasfontium.pl\/en\/wp-json\/wp\/v2\/media\/2197"}],"wp:attachment":[{"href":"https:\/\/atlasfontium.pl\/en\/wp-json\/wp\/v2\/media?parent=1701"}],"wp:term":[{"taxonomy":"category","embeddable":true,"href":"https:\/\/atlasfontium.pl\/en\/wp-json\/wp\/v2\/categories?post=1701"},{"taxonomy":"post_tag","embeddable":true,"href":"https:\/\/atlasfontium.pl\/en\/wp-json\/wp\/v2\/tags?post=1701"}],"curies":[{"name":"wp","href":"https:\/\/api.w.org\/{rel}","templated":true}]}}